{"id":12,"date":"2026-04-29T09:09:12","date_gmt":"2026-04-29T09:09:12","guid":{"rendered":"https:\/\/m2rtodopersonalizaciones.rkinformatika.online\/?page_id=12"},"modified":"2026-04-29T10:41:34","modified_gmt":"2026-04-29T10:41:34","slug":"servicio","status":"publish","type":"page","link":"https:\/\/m2rtodopersonalizaciones.es\/en\/servicio\/","title":{"rendered":"Service"},"content":{"rendered":"<div data-elementor-type=\"wp-page\" data-elementor-id=\"12\" class=\"elementor elementor-12\" data-elementor-post-type=\"page\">\n\t\t\t\t<div class=\"elementor-element elementor-element-589bd39 e-flex e-con-boxed e-con e-parent\" data-id=\"589bd39\" data-element_type=\"container\" data-e-type=\"container\" data-settings=\"{&quot;background_background&quot;:&quot;classic&quot;}\">\n\t\t\t\t\t<div class=\"e-con-inner\">\n\t\t\t\t\t<\/div>\n\t\t\t\t<\/div>\n\t\t<div class=\"elementor-element elementor-element-d68ecfa e-flex e-con-boxed e-con e-parent\" data-id=\"d68ecfa\" data-element_type=\"container\" data-e-type=\"container\" data-settings=\"{&quot;background_background&quot;:&quot;classic&quot;}\">\n\t\t\t\t\t<div class=\"e-con-inner\">\n\t\t<div class=\"elementor-element elementor-element-a91536d e-con-full e-flex e-con e-child\" data-id=\"a91536d\" data-element_type=\"container\" data-e-type=\"container\" data-settings=\"{&quot;background_background&quot;:&quot;classic&quot;}\">\n\t\t<div class=\"elementor-element elementor-element-df4af78 e-con-full e-flex e-con e-child\" data-id=\"df4af78\" data-element_type=\"container\" data-e-type=\"container\">\n\t\t\t\t<div class=\"elementor-element elementor-element-c6a62d0 elementor-widget elementor-widget-image\" data-id=\"c6a62d0\" data-element_type=\"widget\" data-e-type=\"widget\" data-widget_type=\"image.default\">\n\t\t\t\t\t\t\t\t\t\t\t\t\t\t\t<img fetchpriority=\"high\" decoding=\"async\" width=\"1116\" height=\"927\" src=\"https:\/\/m2rtodopersonalizaciones.es\/wp-content\/uploads\/2026\/04\/Captura-desde-2026-04-29-12-32-13.png\" class=\"attachment-full size-full wp-image-319\" alt=\"\" srcset=\"https:\/\/m2rtodopersonalizaciones.es\/wp-content\/uploads\/2026\/04\/Captura-desde-2026-04-29-12-32-13.png 1116w, https:\/\/m2rtodopersonalizaciones.es\/wp-content\/uploads\/2026\/04\/Captura-desde-2026-04-29-12-32-13-300x249.png 300w, https:\/\/m2rtodopersonalizaciones.es\/wp-content\/uploads\/2026\/04\/Captura-desde-2026-04-29-12-32-13-1024x851.png 1024w, https:\/\/m2rtodopersonalizaciones.es\/wp-content\/uploads\/2026\/04\/Captura-desde-2026-04-29-12-32-13-768x638.png 768w, https:\/\/m2rtodopersonalizaciones.es\/wp-content\/uploads\/2026\/04\/Captura-desde-2026-04-29-12-32-13-14x12.png 14w\" sizes=\"(max-width: 1116px) 100vw, 1116px\" \/>\t\t\t\t\t\t\t\t\t\t\t\t\t\t\t<\/div>\n\t\t\t\t<\/div>\n\t\t<div class=\"elementor-element elementor-element-fb297b0 e-con-full e-flex e-con e-child\" data-id=\"fb297b0\" data-element_type=\"container\" data-e-type=\"container\">\n\t\t\t\t<div class=\"elementor-element elementor-element-ad82ebb elementor-widget elementor-widget-heading\" data-id=\"ad82ebb\" data-element_type=\"widget\" data-e-type=\"widget\" data-widget_type=\"heading.default\">\n\t\t\t\t\t<h2 class=\"elementor-heading-title elementor-size-default\">Nuestros Servicios<\/h2>\t\t\t\t<\/div>\n\t\t\t\t<div class=\"elementor-element elementor-element-43548ce elementor-widget elementor-widget-text-editor\" data-id=\"43548ce\" data-element_type=\"widget\" data-e-type=\"widget\" data-widget_type=\"text-editor.default\">\n\t\t\t\t\t\t\t\t\t<p>En M2R Todo Personalizaciones transformamos tus ideas en productos tangibles de alto impacto. Somos especialistas en la personalizaci\u00f3n de camisetas y sudaderas con acabados profesionales, utilizando t\u00e9cnicas que garantizan durabilidad y estilo. Pero no nos quedamos ah\u00ed: potenciamos la imagen de tu negocio mediante soluciones de publicidad creativas y soportes personalizados que hacen que tu marca sea imposible de ignorar. Si buscas calidad t\u00e9cnica y un compromiso real con tu dise\u00f1o, est\u00e1s en el lugar adecuado.<\/p>\t\t\t\t\t\t\t\t<\/div>\n\t\t\t\t<\/div>\n\t\t\t\t<\/div>\n\t\t\t\t\t<\/div>\n\t\t\t\t<\/div>\n\t\t<div class=\"elementor-element elementor-element-d43c3df e-flex e-con-boxed e-con e-parent\" data-id=\"d43c3df\" data-element_type=\"container\" data-e-type=\"container\" data-settings=\"{&quot;background_background&quot;:&quot;classic&quot;}\">\n\t\t\t\t\t<div class=\"e-con-inner\">\n\t\t<div class=\"elementor-element elementor-element-70844ef e-con-full e-flex e-con e-child\" data-id=\"70844ef\" data-element_type=\"container\" data-e-type=\"container\">\n\t\t\t\t<div class=\"elementor-element elementor-element-719f694 elementor-cta--skin-classic elementor-animated-content elementor-bg-transform elementor-bg-transform-zoom-in elementor-widget elementor-widget-call-to-action\" data-id=\"719f694\" data-element_type=\"widget\" data-e-type=\"widget\" data-widget_type=\"call-to-action.default\">\n\t\t\t\t\t\t\t<div class=\"elementor-cta\">\n\t\t\t\t\t<div class=\"elementor-cta__bg-wrapper\">\n\t\t\t\t<div class=\"elementor-cta__bg elementor-bg\" style=\"background-image: url(https:\/\/m2rtodopersonalizaciones.es\/wp-content\/uploads\/2026\/04\/Captura-desde-2026-04-29-12-24-50.png);\" role=\"img\" aria-label=\"Captura desde 2026-04-29 12-24-50\"><\/div>\n\t\t\t\t<div class=\"elementor-cta__bg-overlay\"><\/div>\n\t\t\t<\/div>\n\t\t\t\t\t\t\t<div class=\"elementor-cta__content\">\n\t\t\t\t\n\t\t\t\t\t\t\t\t\t<h2 class=\"elementor-cta__title elementor-cta__content-item elementor-content-item\">\n\t\t\t\t\t\tTu Estilo, Nuestra Impresi\u00f3n\t\t\t\t\t<\/h2>\n\t\t\t\t\n\t\t\t\t\t\t\t\t\t<div class=\"elementor-cta__description elementor-cta__content-item elementor-content-item\">\n\t\t\t\t\t\tCreamos camisetas que hablan por ti, utilizando t\u00e9cnicas de impresi\u00f3n de alta definici\u00f3n que garantizan colores vibrantes y m\u00e1xima durabilidad lavado tras lavado.\t\t\t\t\t<\/div>\n\t\t\t\t\n\t\t\t\t\t\t\t<\/div>\n\t\t\t\t\t\t<\/div>\n\t\t\t\t\t\t<\/div>\n\t\t\t\t<\/div>\n\t\t<div class=\"elementor-element elementor-element-850933e e-con-full e-flex e-con e-child\" data-id=\"850933e\" data-element_type=\"container\" data-e-type=\"container\">\n\t\t\t\t<div class=\"elementor-element elementor-element-52bade9 elementor-cta--skin-classic elementor-animated-content elementor-bg-transform elementor-bg-transform-zoom-in elementor-widget elementor-widget-call-to-action\" data-id=\"52bade9\" data-element_type=\"widget\" data-e-type=\"widget\" data-widget_type=\"call-to-action.default\">\n\t\t\t\t\t\t\t<div class=\"elementor-cta\">\n\t\t\t\t\t<div class=\"elementor-cta__bg-wrapper\">\n\t\t\t\t<div class=\"elementor-cta__bg elementor-bg\" style=\"background-image: url(https:\/\/m2rtodopersonalizaciones.es\/wp-content\/uploads\/2026\/04\/pastel-sweater-and-pink-hat-on-pink-background-2026-01-08-05-36-30-utc-scaled.jpg);\" role=\"img\" aria-label=\"Children&#039;s beige jacket and red hat with sequins on a light background.\"><\/div>\n\t\t\t\t<div class=\"elementor-cta__bg-overlay\"><\/div>\n\t\t\t<\/div>\n\t\t\t\t\t\t\t<div class=\"elementor-cta__content\">\n\t\t\t\t\n\t\t\t\t\t\t\t\t\t<h2 class=\"elementor-cta__title elementor-cta__content-item elementor-content-item\">\n\t\t\t\t\t\tCalidad y Confort Personalizado\t\t\t\t\t<\/h2>\n\t\t\t\t\n\t\t\t\t\t\t\t\t\t<div class=\"elementor-cta__description elementor-cta__content-item elementor-content-item\">\n\t\t\t\t\t\tEleva tu marca con sudaderas de alta gama, personalizadas con precisi\u00f3n para ofrecerte una prenda c\u00f3moda, resistente y con un dise\u00f1o impecable.\t\t\t\t\t<\/div>\n\t\t\t\t\n\t\t\t\t\t\t\t<\/div>\n\t\t\t\t\t\t<\/div>\n\t\t\t\t\t\t<\/div>\n\t\t\t\t<\/div>\n\t\t<div class=\"elementor-element elementor-element-53521c4 e-con-full e-flex e-con e-child\" data-id=\"53521c4\" data-element_type=\"container\" data-e-type=\"container\">\n\t\t\t\t<div class=\"elementor-element elementor-element-9f8ec10 elementor-cta--skin-classic elementor-animated-content elementor-bg-transform elementor-bg-transform-zoom-in elementor-widget elementor-widget-call-to-action\" data-id=\"9f8ec10\" data-element_type=\"widget\" data-e-type=\"widget\" data-widget_type=\"call-to-action.default\">\n\t\t\t\t\t\t\t<div class=\"elementor-cta\">\n\t\t\t\t\t<div class=\"elementor-cta__bg-wrapper\">\n\t\t\t\t<div class=\"elementor-cta__bg elementor-bg\" style=\"background-image: url(https:\/\/m2rtodopersonalizaciones.es\/wp-content\/uploads\/2026\/04\/Captura-desde-2026-04-29-12-27-54.png);\" role=\"img\" aria-label=\"Captura desde 2026-04-29 12-27-54\"><\/div>\n\t\t\t\t<div class=\"elementor-cta__bg-overlay\"><\/div>\n\t\t\t<\/div>\n\t\t\t\t\t\t\t<div class=\"elementor-cta__content\">\n\t\t\t\t\n\t\t\t\t\t\t\t\t\t<h2 class=\"elementor-cta__title elementor-cta__content-item elementor-content-item\">\n\t\t\t\t\t\tVisibilidad Total para tu Negocio\t\t\t\t\t<\/h2>\n\t\t\t\t\n\t\t\t\t\t\t\t\t\t<div class=\"elementor-cta__description elementor-cta__content-item elementor-content-item\">\n\t\t\t\t\t\tProyectamos la imagen de tu empresa a gran escala mediante soportes publicitarios personalizados que captan la atenci\u00f3n de tus clientes potenciales desde el primer segundo.\t\t\t\t\t<\/div>\n\t\t\t\t\n\t\t\t\t\t\t\t<\/div>\n\t\t\t\t\t\t<\/div>\n\t\t\t\t\t\t<\/div>\n\t\t\t\t<\/div>\n\t\t\t\t\t<\/div>\n\t\t\t\t<\/div>\n\t\t<div class=\"elementor-element elementor-element-3f917ff e-flex e-con-boxed e-con e-parent\" data-id=\"3f917ff\" data-element_type=\"container\" data-e-type=\"container\" data-settings=\"{&quot;background_background&quot;:&quot;classic&quot;}\">\n\t\t\t\t\t<div class=\"e-con-inner\">\n\t\t\t\t<div class=\"elementor-element elementor-element-96b4edd elementor-widget elementor-widget-heading\" data-id=\"96b4edd\" data-element_type=\"widget\" data-e-type=\"widget\" data-widget_type=\"heading.default\">\n\t\t\t\t\t<h2 class=\"elementor-heading-title elementor-size-default\">We bring your ideas to life on the garment. Quality customization.<\/h2>\t\t\t\t<\/div>\n\t\t\t\t<div class=\"elementor-element elementor-element-79640ff elementor-widget elementor-widget-button\" data-id=\"79640ff\" data-element_type=\"widget\" data-e-type=\"widget\" data-widget_type=\"button.default\">\n\t\t\t\t\t\t\t\t\t\t<a class=\"elementor-button elementor-button-link elementor-size-sm\" href=\"https:\/\/m2rtodopersonalizaciones.es\/en\/contacto\/\">\n\t\t\t\t\t\t<span class=\"elementor-button-content-wrapper\">\n\t\t\t\t\t\t\t\t\t<span class=\"elementor-button-text\">I WANT MY QUOTE<\/span>\n\t\t\t\t\t<\/span>\n\t\t\t\t\t<\/a>\n\t\t\t\t\t\t\t\t<\/div>\n\t\t\t\t\t<\/div>\n\t\t\t\t<\/div>\n\t\t\t\t<\/div>","protected":false},"excerpt":{"rendered":"<p>Nuestros Servicios En M2R Todo Personalizaciones transformamos tus ideas en productos tangibles de alto impacto. Somos especialistas en la personalizaci\u00f3n de camisetas y sudaderas con acabados profesionales, utilizando t\u00e9cnicas que garantizan durabilidad y estilo. Pero no nos quedamos ah\u00ed: potenciamos la imagen de tu negocio mediante soluciones de publicidad creativas y soportes personalizados que hacen [&hellip;]<\/p>\n","protected":false},"author":1,"featured_media":0,"parent":0,"menu_order":0,"comment_status":"closed","ping_status":"closed","template":"elementor_canvas","meta":{"footnotes":""},"class_list":["post-12","page","type-page","status-publish","hentry"],"yoast_head":"<!-- This site is optimized with the Yoast SEO plugin v27.5 - https:\/\/yoast.com\/product\/yoast-seo-wordpress\/ -->\n<title>Servicio - M2 rtodopersonalizaciones<\/title>\n<meta name=\"robots\" content=\"index, follow, max-snippet:-1, max-image-preview:large, max-video-preview:-1\" \/>\n<link rel=\"canonical\" href=\"https:\/\/m2rtodopersonalizaciones.es\/en\/servicio\/\" \/>\n<meta property=\"og:locale\" content=\"en_GB\" \/>\n<meta property=\"og:type\" content=\"article\" \/>\n<meta property=\"og:title\" content=\"Servicio - M2 rtodopersonalizaciones\" \/>\n<meta property=\"og:description\" content=\"Nuestros Servicios En M2R Todo Personalizaciones transformamos tus ideas en productos tangibles de alto impacto. Somos especialistas en la personalizaci\u00f3n de camisetas y sudaderas con acabados profesionales, utilizando t\u00e9cnicas que garantizan durabilidad y estilo. Pero no nos quedamos ah\u00ed: potenciamos la imagen de tu negocio mediante soluciones de publicidad creativas y soportes personalizados que hacen [&hellip;]\" \/>\n<meta property=\"og:url\" content=\"https:\/\/m2rtodopersonalizaciones.es\/en\/servicio\/\" \/>\n<meta property=\"og:site_name\" content=\"M2 rtodopersonalizaciones\" \/>\n<meta property=\"article:modified_time\" content=\"2026-04-29T10:41:34+00:00\" \/>\n<meta property=\"og:image\" content=\"https:\/\/m2rtodopersonalizaciones.es\/wp-content\/uploads\/2026\/04\/Captura-desde-2026-04-29-12-32-13.png\" \/>\n<meta name=\"twitter:card\" content=\"summary_large_image\" \/>\n<script type=\"application\/ld+json\" class=\"yoast-schema-graph\">{\"@context\":\"https:\\\/\\\/schema.org\",\"@graph\":[{\"@type\":\"WebPage\",\"@id\":\"https:\\\/\\\/m2rtodopersonalizaciones.es\\\/servicio\\\/\",\"url\":\"https:\\\/\\\/m2rtodopersonalizaciones.es\\\/servicio\\\/\",\"name\":\"Servicio - M2 rtodopersonalizaciones\",\"isPartOf\":{\"@id\":\"https:\\\/\\\/m2rtodopersonalizaciones.es\\\/#website\"},\"primaryImageOfPage\":{\"@id\":\"https:\\\/\\\/m2rtodopersonalizaciones.es\\\/servicio\\\/#primaryimage\"},\"image\":{\"@id\":\"https:\\\/\\\/m2rtodopersonalizaciones.es\\\/servicio\\\/#primaryimage\"},\"thumbnailUrl\":\"https:\\\/\\\/m2rtodopersonalizaciones.es\\\/wp-content\\\/uploads\\\/2026\\\/04\\\/Captura-desde-2026-04-29-12-32-13.png\",\"datePublished\":\"2026-04-29T09:09:12+00:00\",\"dateModified\":\"2026-04-29T10:41:34+00:00\",\"breadcrumb\":{\"@id\":\"https:\\\/\\\/m2rtodopersonalizaciones.es\\\/servicio\\\/#breadcrumb\"},\"inLanguage\":\"en-GB\",\"potentialAction\":[{\"@type\":\"ReadAction\",\"target\":[\"https:\\\/\\\/m2rtodopersonalizaciones.es\\\/servicio\\\/\"]}]},{\"@type\":\"ImageObject\",\"inLanguage\":\"en-GB\",\"@id\":\"https:\\\/\\\/m2rtodopersonalizaciones.es\\\/servicio\\\/#primaryimage\",\"url\":\"https:\\\/\\\/m2rtodopersonalizaciones.es\\\/wp-content\\\/uploads\\\/2026\\\/04\\\/Captura-desde-2026-04-29-12-32-13.png\",\"contentUrl\":\"https:\\\/\\\/m2rtodopersonalizaciones.es\\\/wp-content\\\/uploads\\\/2026\\\/04\\\/Captura-desde-2026-04-29-12-32-13.png\"},{\"@type\":\"BreadcrumbList\",\"@id\":\"https:\\\/\\\/m2rtodopersonalizaciones.es\\\/servicio\\\/#breadcrumb\",\"itemListElement\":[{\"@type\":\"ListItem\",\"position\":1,\"name\":\"Portada\",\"item\":\"https:\\\/\\\/m2rtodopersonalizaciones.es\\\/\"},{\"@type\":\"ListItem\",\"position\":2,\"name\":\"Servicio\"}]},{\"@type\":\"WebSite\",\"@id\":\"https:\\\/\\\/m2rtodopersonalizaciones.es\\\/#website\",\"url\":\"https:\\\/\\\/m2rtodopersonalizaciones.es\\\/\",\"name\":\"M2 rtodopersonalizaciones\",\"description\":\"\",\"publisher\":{\"@id\":\"https:\\\/\\\/m2rtodopersonalizaciones.es\\\/#organization\"},\"potentialAction\":[{\"@type\":\"SearchAction\",\"target\":{\"@type\":\"EntryPoint\",\"urlTemplate\":\"https:\\\/\\\/m2rtodopersonalizaciones.es\\\/?s={search_term_string}\"},\"query-input\":{\"@type\":\"PropertyValueSpecification\",\"valueRequired\":true,\"valueName\":\"search_term_string\"}}],\"inLanguage\":\"en-GB\"},{\"@type\":\"Organization\",\"@id\":\"https:\\\/\\\/m2rtodopersonalizaciones.es\\\/#organization\",\"name\":\"M2 rtodopersonalizaciones\",\"url\":\"https:\\\/\\\/m2rtodopersonalizaciones.es\\\/\",\"logo\":{\"@type\":\"ImageObject\",\"inLanguage\":\"en-GB\",\"@id\":\"https:\\\/\\\/m2rtodopersonalizaciones.es\\\/#\\\/schema\\\/logo\\\/image\\\/\",\"url\":\"https:\\\/\\\/m2rtodopersonalizaciones.es\\\/wp-content\\\/uploads\\\/2026\\\/04\\\/m2rtodopersonalizaci202602_logo_web.png\",\"contentUrl\":\"https:\\\/\\\/m2rtodopersonalizaciones.es\\\/wp-content\\\/uploads\\\/2026\\\/04\\\/m2rtodopersonalizaci202602_logo_web.png\",\"width\":2250,\"height\":1518,\"caption\":\"M2 rtodopersonalizaciones\"},\"image\":{\"@id\":\"https:\\\/\\\/m2rtodopersonalizaciones.es\\\/#\\\/schema\\\/logo\\\/image\\\/\"}}]}<\/script>\n<!-- \/ Yoast SEO plugin. -->","yoast_head_json":{"title":"Servicio - M2 rtodopersonalizaciones","robots":{"index":"index","follow":"follow","max-snippet":"max-snippet:-1","max-image-preview":"max-image-preview:large","max-video-preview":"max-video-preview:-1"},"canonical":"https:\/\/m2rtodopersonalizaciones.es\/en\/servicio\/","og_locale":"en_GB","og_type":"article","og_title":"Servicio - M2 rtodopersonalizaciones","og_description":"Nuestros Servicios En M2R Todo Personalizaciones transformamos tus ideas en productos tangibles de alto impacto. Somos especialistas en la personalizaci\u00f3n de camisetas y sudaderas con acabados profesionales, utilizando t\u00e9cnicas que garantizan durabilidad y estilo. Pero no nos quedamos ah\u00ed: potenciamos la imagen de tu negocio mediante soluciones de publicidad creativas y soportes personalizados que hacen [&hellip;]","og_url":"https:\/\/m2rtodopersonalizaciones.es\/en\/servicio\/","og_site_name":"M2 rtodopersonalizaciones","article_modified_time":"2026-04-29T10:41:34+00:00","og_image":[{"url":"https:\/\/m2rtodopersonalizaciones.es\/wp-content\/uploads\/2026\/04\/Captura-desde-2026-04-29-12-32-13.png","type":"","width":"","height":""}],"twitter_card":"summary_large_image","schema":{"@context":"https:\/\/schema.org","@graph":[{"@type":"WebPage","@id":"https:\/\/m2rtodopersonalizaciones.es\/servicio\/","url":"https:\/\/m2rtodopersonalizaciones.es\/servicio\/","name":"Servicio - M2 rtodopersonalizaciones","isPartOf":{"@id":"https:\/\/m2rtodopersonalizaciones.es\/#website"},"primaryImageOfPage":{"@id":"https:\/\/m2rtodopersonalizaciones.es\/servicio\/#primaryimage"},"image":{"@id":"https:\/\/m2rtodopersonalizaciones.es\/servicio\/#primaryimage"},"thumbnailUrl":"https:\/\/m2rtodopersonalizaciones.es\/wp-content\/uploads\/2026\/04\/Captura-desde-2026-04-29-12-32-13.png","datePublished":"2026-04-29T09:09:12+00:00","dateModified":"2026-04-29T10:41:34+00:00","breadcrumb":{"@id":"https:\/\/m2rtodopersonalizaciones.es\/servicio\/#breadcrumb"},"inLanguage":"en-GB","potentialAction":[{"@type":"ReadAction","target":["https:\/\/m2rtodopersonalizaciones.es\/servicio\/"]}]},{"@type":"ImageObject","inLanguage":"en-GB","@id":"https:\/\/m2rtodopersonalizaciones.es\/servicio\/#primaryimage","url":"https:\/\/m2rtodopersonalizaciones.es\/wp-content\/uploads\/2026\/04\/Captura-desde-2026-04-29-12-32-13.png","contentUrl":"https:\/\/m2rtodopersonalizaciones.es\/wp-content\/uploads\/2026\/04\/Captura-desde-2026-04-29-12-32-13.png"},{"@type":"BreadcrumbList","@id":"https:\/\/m2rtodopersonalizaciones.es\/servicio\/#breadcrumb","itemListElement":[{"@type":"ListItem","position":1,"name":"Portada","item":"https:\/\/m2rtodopersonalizaciones.es\/"},{"@type":"ListItem","position":2,"name":"Servicio"}]},{"@type":"WebSite","@id":"https:\/\/m2rtodopersonalizaciones.es\/#website","url":"https:\/\/m2rtodopersonalizaciones.es\/","name":"M2 rtodopersonalizaciones","description":"","publisher":{"@id":"https:\/\/m2rtodopersonalizaciones.es\/#organization"},"potentialAction":[{"@type":"SearchAction","target":{"@type":"EntryPoint","urlTemplate":"https:\/\/m2rtodopersonalizaciones.es\/?s={search_term_string}"},"query-input":{"@type":"PropertyValueSpecification","valueRequired":true,"valueName":"search_term_string"}}],"inLanguage":"en-GB"},{"@type":"Organization","@id":"https:\/\/m2rtodopersonalizaciones.es\/#organization","name":"M2 rtodopersonalizaciones","url":"https:\/\/m2rtodopersonalizaciones.es\/","logo":{"@type":"ImageObject","inLanguage":"en-GB","@id":"https:\/\/m2rtodopersonalizaciones.es\/#\/schema\/logo\/image\/","url":"https:\/\/m2rtodopersonalizaciones.es\/wp-content\/uploads\/2026\/04\/m2rtodopersonalizaci202602_logo_web.png","contentUrl":"https:\/\/m2rtodopersonalizaciones.es\/wp-content\/uploads\/2026\/04\/m2rtodopersonalizaci202602_logo_web.png","width":2250,"height":1518,"caption":"M2 rtodopersonalizaciones"},"image":{"@id":"https:\/\/m2rtodopersonalizaciones.es\/#\/schema\/logo\/image\/"}}]}},"_links":{"self":[{"href":"https:\/\/m2rtodopersonalizaciones.es\/en\/wp-json\/wp\/v2\/pages\/12","targetHints":{"allow":["GET"]}}],"collection":[{"href":"https:\/\/m2rtodopersonalizaciones.es\/en\/wp-json\/wp\/v2\/pages"}],"about":[{"href":"https:\/\/m2rtodopersonalizaciones.es\/en\/wp-json\/wp\/v2\/types\/page"}],"author":[{"embeddable":true,"href":"https:\/\/m2rtodopersonalizaciones.es\/en\/wp-json\/wp\/v2\/users\/1"}],"replies":[{"embeddable":true,"href":"https:\/\/m2rtodopersonalizaciones.es\/en\/wp-json\/wp\/v2\/comments?post=12"}],"version-history":[{"count":127,"href":"https:\/\/m2rtodopersonalizaciones.es\/en\/wp-json\/wp\/v2\/pages\/12\/revisions"}],"predecessor-version":[{"id":362,"href":"https:\/\/m2rtodopersonalizaciones.es\/en\/wp-json\/wp\/v2\/pages\/12\/revisions\/362"}],"wp:attachment":[{"href":"https:\/\/m2rtodopersonalizaciones.es\/en\/wp-json\/wp\/v2\/media?parent=12"}],"curies":[{"name":"wp","href":"https:\/\/api.w.org\/{rel}","templated":true}]}}