{"id":8,"date":"2026-04-29T09:07:59","date_gmt":"2026-04-29T09:07:59","guid":{"rendered":"https:\/\/m2rtodopersonalizaciones.rkinformatika.online\/?page_id=8"},"modified":"2026-04-29T11:35:06","modified_gmt":"2026-04-29T11:35:06","slug":"inicio","status":"publish","type":"page","link":"https:\/\/m2rtodopersonalizaciones.es\/en\/","title":{"rendered":"Home"},"content":{"rendered":"<div data-elementor-type=\"wp-page\" data-elementor-id=\"8\" class=\"elementor elementor-8\" data-elementor-post-type=\"page\">\n\t\t\t\t<div class=\"elementor-element elementor-element-eb6d1ba e-flex e-con-boxed e-con e-parent\" data-id=\"eb6d1ba\" data-element_type=\"container\" data-e-type=\"container\" data-settings=\"{&quot;background_background&quot;:&quot;classic&quot;}\">\n\t\t\t\t\t<div class=\"e-con-inner\">\n\t\t\t\t<div class=\"elementor-element elementor-element-c759680 elementor-widget elementor-widget-heading\" data-id=\"c759680\" data-element_type=\"widget\" data-e-type=\"widget\" data-widget_type=\"heading.default\">\n\t\t\t\t\t<h2 class=\"elementor-heading-title elementor-size-default\">15 years printing your identity with professional quality.<\/h2>\t\t\t\t<\/div>\n\t\t\t\t\t<\/div>\n\t\t\t\t<\/div>\n\t\t<div class=\"elementor-element elementor-element-895d91a e-flex e-con-boxed e-con e-parent\" data-id=\"895d91a\" data-element_type=\"container\" data-e-type=\"container\" data-settings=\"{&quot;background_background&quot;:&quot;classic&quot;}\">\n\t\t\t\t\t<div class=\"e-con-inner\">\n\t\t<div class=\"elementor-element elementor-element-e23c9d3 e-con-full e-flex e-con e-child\" data-id=\"e23c9d3\" data-element_type=\"container\" data-e-type=\"container\" data-settings=\"{&quot;background_background&quot;:&quot;classic&quot;}\">\n\t\t<div class=\"elementor-element elementor-element-c9cbf9a e-con-full e-flex e-con e-child\" data-id=\"c9cbf9a\" data-element_type=\"container\" data-e-type=\"container\">\n\t\t\t\t<div class=\"elementor-element elementor-element-99e5a76 elementor-widget elementor-widget-image\" data-id=\"99e5a76\" data-element_type=\"widget\" data-e-type=\"widget\" data-widget_type=\"image.default\">\n\t\t\t\t\t\t\t\t\t\t\t\t\t\t\t<img fetchpriority=\"high\" decoding=\"async\" width=\"2560\" height=\"1707\" src=\"https:\/\/m2rtodopersonalizaciones.es\/wp-content\/uploads\/2026\/04\/adult-screen-printing-raven-image-on-dark-ink-2026-01-09-10-45-50-utc-scaled.jpg\" class=\"attachment-full size-full wp-image-374\" alt=\"\" srcset=\"https:\/\/m2rtodopersonalizaciones.es\/wp-content\/uploads\/2026\/04\/adult-screen-printing-raven-image-on-dark-ink-2026-01-09-10-45-50-utc-scaled.jpg 2560w, https:\/\/m2rtodopersonalizaciones.es\/wp-content\/uploads\/2026\/04\/adult-screen-printing-raven-image-on-dark-ink-2026-01-09-10-45-50-utc-300x200.jpg 300w, https:\/\/m2rtodopersonalizaciones.es\/wp-content\/uploads\/2026\/04\/adult-screen-printing-raven-image-on-dark-ink-2026-01-09-10-45-50-utc-1024x683.jpg 1024w, https:\/\/m2rtodopersonalizaciones.es\/wp-content\/uploads\/2026\/04\/adult-screen-printing-raven-image-on-dark-ink-2026-01-09-10-45-50-utc-768x512.jpg 768w, https:\/\/m2rtodopersonalizaciones.es\/wp-content\/uploads\/2026\/04\/adult-screen-printing-raven-image-on-dark-ink-2026-01-09-10-45-50-utc-1536x1024.jpg 1536w, https:\/\/m2rtodopersonalizaciones.es\/wp-content\/uploads\/2026\/04\/adult-screen-printing-raven-image-on-dark-ink-2026-01-09-10-45-50-utc-2048x1365.jpg 2048w, https:\/\/m2rtodopersonalizaciones.es\/wp-content\/uploads\/2026\/04\/adult-screen-printing-raven-image-on-dark-ink-2026-01-09-10-45-50-utc-18x12.jpg 18w\" sizes=\"(max-width: 2560px) 100vw, 2560px\" \/>\t\t\t\t\t\t\t\t\t\t\t\t\t\t\t<\/div>\n\t\t\t\t<\/div>\n\t\t<div class=\"elementor-element elementor-element-9999f45 e-con-full e-flex e-con e-child\" data-id=\"9999f45\" data-element_type=\"container\" data-e-type=\"container\">\n\t\t\t\t<div class=\"elementor-element elementor-element-604eb1c elementor-widget elementor-widget-heading\" data-id=\"604eb1c\" data-element_type=\"widget\" data-e-type=\"widget\" data-widget_type=\"heading.default\">\n\t\t\t\t\t<h2 class=\"elementor-heading-title elementor-size-default\">About Us<\/h2>\t\t\t\t<\/div>\n\t\t\t\t<div class=\"elementor-element elementor-element-b3e7de3 elementor-widget elementor-widget-text-editor\" data-id=\"b3e7de3\" data-element_type=\"widget\" data-e-type=\"widget\" data-widget_type=\"text-editor.default\">\n\t\t\t\t\t\t\t\t\t<p>With 15 years of experience in the industry, M2R Todo Personalizados has evolved from a passionate creative project into a trusted leader in the world of design and printing. For over a decade, our mission has been clear: to transform t-shirts, sweatshirts, and promotional materials into powerful branding tools using high-quality techniques and an unwavering commitment to detail. This 15-year experience is our greatest guarantee, allowing us to combine craftsmanship with cutting-edge technology to ensure that if you can imagine it, at M2R we can create it.<\/p>\t\t\t\t\t\t\t\t<\/div>\n\t\t\t\t<\/div>\n\t\t\t\t<\/div>\n\t\t\t\t\t<\/div>\n\t\t\t\t<\/div>\n\t\t<div class=\"elementor-element elementor-element-ecdba6c e-flex e-con-boxed e-con e-parent\" data-id=\"ecdba6c\" data-element_type=\"container\" data-e-type=\"container\" data-settings=\"{&quot;background_background&quot;:&quot;classic&quot;}\">\n\t\t\t\t\t<div class=\"e-con-inner\">\n\t\t\t\t\t<\/div>\n\t\t\t\t<\/div>\n\t\t<div class=\"elementor-element elementor-element-e977034 e-flex e-con-boxed e-con e-parent\" data-id=\"e977034\" data-element_type=\"container\" data-e-type=\"container\" data-settings=\"{&quot;background_background&quot;:&quot;classic&quot;}\">\n\t\t\t\t\t<div class=\"e-con-inner\">\n\t\t<div class=\"elementor-element elementor-element-b35c604 e-con-full e-flex e-con e-child\" data-id=\"b35c604\" data-element_type=\"container\" data-e-type=\"container\">\n\t\t\t\t<div class=\"elementor-element elementor-element-12d2054 elementor-widget__width-inherit elementor-widget elementor-widget-counter\" data-id=\"12d2054\" data-element_type=\"widget\" data-e-type=\"widget\" data-widget_type=\"counter.default\">\n\t\t\t\t\t\t\t<div class=\"elementor-counter\">\n\t\t\t<div class=\"elementor-counter-title\">Years of experience.<\/div>\t\t\t<div class=\"elementor-counter-number-wrapper\">\n\t\t\t\t<span class=\"elementor-counter-number-prefix\">+<\/span>\n\t\t\t\t<span class=\"elementor-counter-number\" data-duration=\"2000\" data-to-value=\"15\" data-from-value=\"0\" data-delimiter=\",\">0<\/span>\n\t\t\t\t<span class=\"elementor-counter-number-suffix\"><\/span>\n\t\t\t<\/div>\n\t\t<\/div>\n\t\t\t\t\t\t<\/div>\n\t\t\t\t<\/div>\n\t\t<div class=\"elementor-element elementor-element-a3df418 e-con-full e-flex e-con e-child\" data-id=\"a3df418\" data-element_type=\"container\" data-e-type=\"container\">\n\t\t\t\t<div class=\"elementor-element elementor-element-238b1a0 elementor-widget__width-inherit elementor-widget elementor-widget-counter\" data-id=\"238b1a0\" data-element_type=\"widget\" data-e-type=\"widget\" data-widget_type=\"counter.default\">\n\t\t\t\t\t\t\t<div class=\"elementor-counter\">\n\t\t\t<div class=\"elementor-counter-title\">Garments created.<\/div>\t\t\t<div class=\"elementor-counter-number-wrapper\">\n\t\t\t\t<span class=\"elementor-counter-number-prefix\">+<\/span>\n\t\t\t\t<span class=\"elementor-counter-number\" data-duration=\"2000\" data-to-value=\"10000\" data-from-value=\"0\" data-delimiter=\",\">0<\/span>\n\t\t\t\t<span class=\"elementor-counter-number-suffix\"><\/span>\n\t\t\t<\/div>\n\t\t<\/div>\n\t\t\t\t\t\t<\/div>\n\t\t\t\t<\/div>\n\t\t<div class=\"elementor-element elementor-element-8bccdb4 e-con-full e-flex e-con e-child\" data-id=\"8bccdb4\" data-element_type=\"container\" data-e-type=\"container\">\n\t\t\t\t<div class=\"elementor-element elementor-element-f9580b5 elementor-widget__width-inherit elementor-widget elementor-widget-counter\" data-id=\"f9580b5\" data-element_type=\"widget\" data-e-type=\"widget\" data-widget_type=\"counter.default\">\n\t\t\t\t\t\t\t<div class=\"elementor-counter\">\n\t\t\t<div class=\"elementor-counter-title\">Happy customers<\/div>\t\t\t<div class=\"elementor-counter-number-wrapper\">\n\t\t\t\t<span class=\"elementor-counter-number-prefix\">+<\/span>\n\t\t\t\t<span class=\"elementor-counter-number\" data-duration=\"2000\" data-to-value=\"500\" data-from-value=\"0\" data-delimiter=\",\">0<\/span>\n\t\t\t\t<span class=\"elementor-counter-number-suffix\"><\/span>\n\t\t\t<\/div>\n\t\t<\/div>\n\t\t\t\t\t\t<\/div>\n\t\t\t\t<\/div>\n\t\t\t\t\t<\/div>\n\t\t\t\t<\/div>\n\t\t<div class=\"elementor-element elementor-element-6861aef e-flex e-con-boxed e-con e-parent\" data-id=\"6861aef\" data-element_type=\"container\" data-e-type=\"container\" data-settings=\"{&quot;background_background&quot;:&quot;classic&quot;}\">\n\t\t\t\t\t<div class=\"e-con-inner\">\n\t\t\t\t<div class=\"elementor-element elementor-element-6674bd8 elementor-widget elementor-widget-heading\" data-id=\"6674bd8\" data-element_type=\"widget\" data-e-type=\"widget\" data-widget_type=\"heading.default\">\n\t\t\t\t\t<h2 class=\"elementor-heading-title elementor-size-default\">We bring your ideas to life on the garment. Quality customization.<\/h2>\t\t\t\t<\/div>\n\t\t\t\t<div class=\"elementor-element elementor-element-b8e0277 elementor-widget elementor-widget-button\" data-id=\"b8e0277\" data-element_type=\"widget\" data-e-type=\"widget\" data-widget_type=\"button.default\">\n\t\t\t\t\t\t\t\t\t\t<a class=\"elementor-button elementor-button-link elementor-size-sm\" href=\"https:\/\/m2rtodopersonalizaciones.es\/en\/contacto\/\">\n\t\t\t\t\t\t<span class=\"elementor-button-content-wrapper\">\n\t\t\t\t\t\t\t\t\t<span class=\"elementor-button-text\">I WANT MY QUOTE<\/span>\n\t\t\t\t\t<\/span>\n\t\t\t\t\t<\/a>\n\t\t\t\t\t\t\t\t<\/div>\n\t\t\t\t\t<\/div>\n\t\t\t\t<\/div>\n\t\t\t\t<\/div>","protected":false},"excerpt":{"rendered":"<p>15 a\u00f1os imprimiendo tu identidad con calidad profesional. Sobre Nosotros Con 15 a\u00f1os de trayectoria en el sector, M2R Todo Personalizaciones ha evolucionado de un apasionado proyecto creativo a un referente de confianza en el mundo del dise\u00f1o y la impresi\u00f3n. Durante m\u00e1s de una d\u00e9cada, nuestra misi\u00f3n ha sido clara: transformar camisetas, sudaderas y [&hellip;]<\/p>\n","protected":false},"author":1,"featured_media":0,"parent":0,"menu_order":0,"comment_status":"closed","ping_status":"closed","template":"elementor_canvas","meta":{"footnotes":""},"class_list":["post-8","page","type-page","status-publish","hentry"],"yoast_head":"<!-- This site is optimized with the Yoast SEO plugin v27.5 - https:\/\/yoast.com\/product\/yoast-seo-wordpress\/ -->\n<title>Inicio - M2 rtodopersonalizaciones<\/title>\n<meta name=\"robots\" content=\"index, follow, max-snippet:-1, max-image-preview:large, max-video-preview:-1\" \/>\n<link rel=\"canonical\" href=\"https:\/\/m2rtodopersonalizaciones.es\/en\/\" \/>\n<meta property=\"og:locale\" content=\"en_GB\" \/>\n<meta property=\"og:type\" content=\"article\" \/>\n<meta property=\"og:title\" content=\"Inicio - M2 rtodopersonalizaciones\" \/>\n<meta property=\"og:description\" content=\"15 a\u00f1os imprimiendo tu identidad con calidad profesional. Sobre Nosotros Con 15 a\u00f1os de trayectoria en el sector, M2R Todo Personalizaciones ha evolucionado de un apasionado proyecto creativo a un referente de confianza en el mundo del dise\u00f1o y la impresi\u00f3n. Durante m\u00e1s de una d\u00e9cada, nuestra misi\u00f3n ha sido clara: transformar camisetas, sudaderas y [&hellip;]\" \/>\n<meta property=\"og:url\" content=\"https:\/\/m2rtodopersonalizaciones.es\/en\/\" \/>\n<meta property=\"og:site_name\" content=\"M2 rtodopersonalizaciones\" \/>\n<meta property=\"article:modified_time\" content=\"2026-04-29T11:35:06+00:00\" \/>\n<meta property=\"og:image\" content=\"https:\/\/m2rtodopersonalizaciones.es\/wp-content\/uploads\/2026\/04\/adult-screen-printing-raven-image-on-dark-ink-2026-01-09-10-45-50-utc-scaled.jpg\" \/>\n<meta name=\"twitter:card\" content=\"summary_large_image\" \/>\n<meta name=\"twitter:label1\" content=\"Estimated reading time\" \/>\n\t<meta name=\"twitter:data1\" content=\"1 minute\" \/>\n<script type=\"application\/ld+json\" class=\"yoast-schema-graph\">{\"@context\":\"https:\\\/\\\/schema.org\",\"@graph\":[{\"@type\":\"WebPage\",\"@id\":\"https:\\\/\\\/m2rtodopersonalizaciones.es\\\/\",\"url\":\"https:\\\/\\\/m2rtodopersonalizaciones.es\\\/\",\"name\":\"Inicio - M2 rtodopersonalizaciones\",\"isPartOf\":{\"@id\":\"https:\\\/\\\/m2rtodopersonalizaciones.es\\\/#website\"},\"primaryImageOfPage\":{\"@id\":\"https:\\\/\\\/m2rtodopersonalizaciones.es\\\/#primaryimage\"},\"image\":{\"@id\":\"https:\\\/\\\/m2rtodopersonalizaciones.es\\\/#primaryimage\"},\"thumbnailUrl\":\"https:\\\/\\\/m2rtodopersonalizaciones.es\\\/wp-content\\\/uploads\\\/2026\\\/04\\\/adult-screen-printing-raven-image-on-dark-ink-2026-01-09-10-45-50-utc-scaled.jpg\",\"datePublished\":\"2026-04-29T09:07:59+00:00\",\"dateModified\":\"2026-04-29T11:35:06+00:00\",\"breadcrumb\":{\"@id\":\"https:\\\/\\\/m2rtodopersonalizaciones.es\\\/#breadcrumb\"},\"inLanguage\":\"en-GB\",\"potentialAction\":[{\"@type\":\"ReadAction\",\"target\":[\"https:\\\/\\\/m2rtodopersonalizaciones.es\\\/\"]}]},{\"@type\":\"ImageObject\",\"inLanguage\":\"en-GB\",\"@id\":\"https:\\\/\\\/m2rtodopersonalizaciones.es\\\/#primaryimage\",\"url\":\"https:\\\/\\\/m2rtodopersonalizaciones.es\\\/wp-content\\\/uploads\\\/2026\\\/04\\\/adult-screen-printing-raven-image-on-dark-ink-2026-01-09-10-45-50-utc-scaled.jpg\",\"contentUrl\":\"https:\\\/\\\/m2rtodopersonalizaciones.es\\\/wp-content\\\/uploads\\\/2026\\\/04\\\/adult-screen-printing-raven-image-on-dark-ink-2026-01-09-10-45-50-utc-scaled.jpg\"},{\"@type\":\"BreadcrumbList\",\"@id\":\"https:\\\/\\\/m2rtodopersonalizaciones.es\\\/#breadcrumb\",\"itemListElement\":[{\"@type\":\"ListItem\",\"position\":1,\"name\":\"Portada\",\"item\":\"https:\\\/\\\/m2rtodopersonalizaciones.es\\\/\"},{\"@type\":\"ListItem\",\"position\":2,\"name\":\"Inicio\"}]},{\"@type\":\"WebSite\",\"@id\":\"https:\\\/\\\/m2rtodopersonalizaciones.es\\\/#website\",\"url\":\"https:\\\/\\\/m2rtodopersonalizaciones.es\\\/\",\"name\":\"M2 rtodopersonalizaciones\",\"description\":\"\",\"publisher\":{\"@id\":\"https:\\\/\\\/m2rtodopersonalizaciones.es\\\/#organization\"},\"potentialAction\":[{\"@type\":\"SearchAction\",\"target\":{\"@type\":\"EntryPoint\",\"urlTemplate\":\"https:\\\/\\\/m2rtodopersonalizaciones.es\\\/?s={search_term_string}\"},\"query-input\":{\"@type\":\"PropertyValueSpecification\",\"valueRequired\":true,\"valueName\":\"search_term_string\"}}],\"inLanguage\":\"en-GB\"},{\"@type\":\"Organization\",\"@id\":\"https:\\\/\\\/m2rtodopersonalizaciones.es\\\/#organization\",\"name\":\"M2 rtodopersonalizaciones\",\"url\":\"https:\\\/\\\/m2rtodopersonalizaciones.es\\\/\",\"logo\":{\"@type\":\"ImageObject\",\"inLanguage\":\"en-GB\",\"@id\":\"https:\\\/\\\/m2rtodopersonalizaciones.es\\\/#\\\/schema\\\/logo\\\/image\\\/\",\"url\":\"https:\\\/\\\/m2rtodopersonalizaciones.es\\\/wp-content\\\/uploads\\\/2026\\\/04\\\/m2rtodopersonalizaci202602_logo_web.png\",\"contentUrl\":\"https:\\\/\\\/m2rtodopersonalizaciones.es\\\/wp-content\\\/uploads\\\/2026\\\/04\\\/m2rtodopersonalizaci202602_logo_web.png\",\"width\":2250,\"height\":1518,\"caption\":\"M2 rtodopersonalizaciones\"},\"image\":{\"@id\":\"https:\\\/\\\/m2rtodopersonalizaciones.es\\\/#\\\/schema\\\/logo\\\/image\\\/\"}}]}<\/script>\n<!-- \/ Yoast SEO plugin. -->","yoast_head_json":{"title":"Inicio - M2 rtodopersonalizaciones","robots":{"index":"index","follow":"follow","max-snippet":"max-snippet:-1","max-image-preview":"max-image-preview:large","max-video-preview":"max-video-preview:-1"},"canonical":"https:\/\/m2rtodopersonalizaciones.es\/en\/","og_locale":"en_GB","og_type":"article","og_title":"Inicio - M2 rtodopersonalizaciones","og_description":"15 a\u00f1os imprimiendo tu identidad con calidad profesional. Sobre Nosotros Con 15 a\u00f1os de trayectoria en el sector, M2R Todo Personalizaciones ha evolucionado de un apasionado proyecto creativo a un referente de confianza en el mundo del dise\u00f1o y la impresi\u00f3n. Durante m\u00e1s de una d\u00e9cada, nuestra misi\u00f3n ha sido clara: transformar camisetas, sudaderas y [&hellip;]","og_url":"https:\/\/m2rtodopersonalizaciones.es\/en\/","og_site_name":"M2 rtodopersonalizaciones","article_modified_time":"2026-04-29T11:35:06+00:00","og_image":[{"url":"https:\/\/m2rtodopersonalizaciones.es\/wp-content\/uploads\/2026\/04\/adult-screen-printing-raven-image-on-dark-ink-2026-01-09-10-45-50-utc-scaled.jpg","type":"","width":"","height":""}],"twitter_card":"summary_large_image","twitter_misc":{"Estimated reading time":"1 minute"},"schema":{"@context":"https:\/\/schema.org","@graph":[{"@type":"WebPage","@id":"https:\/\/m2rtodopersonalizaciones.es\/","url":"https:\/\/m2rtodopersonalizaciones.es\/","name":"Inicio - M2 rtodopersonalizaciones","isPartOf":{"@id":"https:\/\/m2rtodopersonalizaciones.es\/#website"},"primaryImageOfPage":{"@id":"https:\/\/m2rtodopersonalizaciones.es\/#primaryimage"},"image":{"@id":"https:\/\/m2rtodopersonalizaciones.es\/#primaryimage"},"thumbnailUrl":"https:\/\/m2rtodopersonalizaciones.es\/wp-content\/uploads\/2026\/04\/adult-screen-printing-raven-image-on-dark-ink-2026-01-09-10-45-50-utc-scaled.jpg","datePublished":"2026-04-29T09:07:59+00:00","dateModified":"2026-04-29T11:35:06+00:00","breadcrumb":{"@id":"https:\/\/m2rtodopersonalizaciones.es\/#breadcrumb"},"inLanguage":"en-GB","potentialAction":[{"@type":"ReadAction","target":["https:\/\/m2rtodopersonalizaciones.es\/"]}]},{"@type":"ImageObject","inLanguage":"en-GB","@id":"https:\/\/m2rtodopersonalizaciones.es\/#primaryimage","url":"https:\/\/m2rtodopersonalizaciones.es\/wp-content\/uploads\/2026\/04\/adult-screen-printing-raven-image-on-dark-ink-2026-01-09-10-45-50-utc-scaled.jpg","contentUrl":"https:\/\/m2rtodopersonalizaciones.es\/wp-content\/uploads\/2026\/04\/adult-screen-printing-raven-image-on-dark-ink-2026-01-09-10-45-50-utc-scaled.jpg"},{"@type":"BreadcrumbList","@id":"https:\/\/m2rtodopersonalizaciones.es\/#breadcrumb","itemListElement":[{"@type":"ListItem","position":1,"name":"Portada","item":"https:\/\/m2rtodopersonalizaciones.es\/"},{"@type":"ListItem","position":2,"name":"Inicio"}]},{"@type":"WebSite","@id":"https:\/\/m2rtodopersonalizaciones.es\/#website","url":"https:\/\/m2rtodopersonalizaciones.es\/","name":"M2 rtodopersonalizaciones","description":"","publisher":{"@id":"https:\/\/m2rtodopersonalizaciones.es\/#organization"},"potentialAction":[{"@type":"SearchAction","target":{"@type":"EntryPoint","urlTemplate":"https:\/\/m2rtodopersonalizaciones.es\/?s={search_term_string}"},"query-input":{"@type":"PropertyValueSpecification","valueRequired":true,"valueName":"search_term_string"}}],"inLanguage":"en-GB"},{"@type":"Organization","@id":"https:\/\/m2rtodopersonalizaciones.es\/#organization","name":"M2 rtodopersonalizaciones","url":"https:\/\/m2rtodopersonalizaciones.es\/","logo":{"@type":"ImageObject","inLanguage":"en-GB","@id":"https:\/\/m2rtodopersonalizaciones.es\/#\/schema\/logo\/image\/","url":"https:\/\/m2rtodopersonalizaciones.es\/wp-content\/uploads\/2026\/04\/m2rtodopersonalizaci202602_logo_web.png","contentUrl":"https:\/\/m2rtodopersonalizaciones.es\/wp-content\/uploads\/2026\/04\/m2rtodopersonalizaci202602_logo_web.png","width":2250,"height":1518,"caption":"M2 rtodopersonalizaciones"},"image":{"@id":"https:\/\/m2rtodopersonalizaciones.es\/#\/schema\/logo\/image\/"}}]}},"_links":{"self":[{"href":"https:\/\/m2rtodopersonalizaciones.es\/en\/wp-json\/wp\/v2\/pages\/8","targetHints":{"allow":["GET"]}}],"collection":[{"href":"https:\/\/m2rtodopersonalizaciones.es\/en\/wp-json\/wp\/v2\/pages"}],"about":[{"href":"https:\/\/m2rtodopersonalizaciones.es\/en\/wp-json\/wp\/v2\/types\/page"}],"author":[{"embeddable":true,"href":"https:\/\/m2rtodopersonalizaciones.es\/en\/wp-json\/wp\/v2\/users\/1"}],"replies":[{"embeddable":true,"href":"https:\/\/m2rtodopersonalizaciones.es\/en\/wp-json\/wp\/v2\/comments?post=8"}],"version-history":[{"count":58,"href":"https:\/\/m2rtodopersonalizaciones.es\/en\/wp-json\/wp\/v2\/pages\/8\/revisions"}],"predecessor-version":[{"id":433,"href":"https:\/\/m2rtodopersonalizaciones.es\/en\/wp-json\/wp\/v2\/pages\/8\/revisions\/433"}],"wp:attachment":[{"href":"https:\/\/m2rtodopersonalizaciones.es\/en\/wp-json\/wp\/v2\/media?parent=8"}],"curies":[{"name":"wp","href":"https:\/\/api.w.org\/{rel}","templated":true}]}}